{"id":5766,"date":"2025-12-17T14:04:47","date_gmt":"2025-12-17T13:04:47","guid":{"rendered":"https:\/\/oleicoladelcastillo.com\/?post_type=product&#038;p=5766"},"modified":"2026-01-13T19:37:13","modified_gmt":"2026-01-13T18:37:13","slug":"aove-picual-olivar-del-castillo-botella-vidrio-500ml-2","status":"publish","type":"product","link":"https:\/\/oleicoladelcastillo.com\/en\/buy\/aove-picual-olivar-del-castillo-botella-vidrio-500ml-2\/","title":{"rendered":"AOVE picual Olivar del Castillo  botella vidrio 500ml"},"content":{"rendered":"<p><img decoding=\"async\" class=\"alignnone size-medium wp-image-5318 lazyload\" data-src=\"https:\/\/oleicoladelcastillo.com\/wp-content\/uploads\/2024\/01\/do-aceite-sierra-segura-300x112.webp\" alt=\"Aceite de Oliva Virgen Extra D.O. Sierra de Segura\" width=\"300\" height=\"112\" data-srcset=\"https:\/\/oleicoladelcastillo.com\/wp-content\/uploads\/2024\/01\/do-aceite-sierra-segura-300x112.webp 300w, https:\/\/oleicoladelcastillo.com\/wp-content\/uploads\/2024\/01\/do-aceite-sierra-segura-768x286.webp 768w, https:\/\/oleicoladelcastillo.com\/wp-content\/uploads\/2024\/01\/do-aceite-sierra-segura-800x298.webp 800w, https:\/\/oleicoladelcastillo.com\/wp-content\/uploads\/2024\/01\/do-aceite-sierra-segura.webp 1000w\" data-sizes=\"(max-width: 300px) 100vw, 300px\" src=\"data:image\/svg+xml;base64,PHN2ZyB3aWR0aD0iMSIgaGVpZ2h0PSIxIiB4bWxucz0iaHR0cDovL3d3dy53My5vcmcvMjAwMC9zdmciPjwvc3ZnPg==\" style=\"--smush-placeholder-width: 300px; --smush-placeholder-aspect-ratio: 300\/112;\" \/><\/p>\n<p>Caracter\u00edsticas:\u00a0Frutado intenso, color verde-amarillo, sabor con un marcado car\u00e1cter, propio de la variedad picual, as\u00ed como su picor y amargor, indicativos de su alto contenido en \u00e1cido oleico y polifenoles, responsables de la reducci\u00f3n del colesterol, la prevenci\u00f3n de procesos tumorales, frenada del envejecimiento celular gracias a su alto contenido en antioxidantes y dem\u00e1s cualidades saludables del aceite de oliva virgen extra en general y la variedad picual en particular.<\/p>\n<p>Elaboraci\u00f3n:\u00a0Elaborado artesanalmente,\u00a0 siguiendo las directrices de la tradici\u00f3n y bajo la supervisi\u00f3n de las normas de calidad m\u00e1s avanzadas,\u00a0entre noviembre y mediados de diciembre,\u00a0con recogida de las aceitunas y elaboraci\u00f3n en 24h., con un control\u00a0exhaustivo de\u00a0la calidad de las aceitunas para que su grado de maduraci\u00f3n sea el ideal. Producto 100% natural, aut\u00e9ntico ZUMO de aceituna, obtenido solo y\u00a0\u00a0exclusivamente mediante procedimientos mec\u00e1nicos \u2013 triturado, exprimido y decantado \u2013<\/p>\n<p>Extracci\u00f3n:\u00a0La extracci\u00f3n del aceite se realiza en fr\u00edo a temperatura inferior a 27\u00baC , mediante centrifugaci\u00f3n.<\/p>\n<p>Maridaje:\u00a0Ensaladas, Verduras, Pescados y Mariscos.<\/p>\n","protected":false},"excerpt":{"rendered":"<p><strong>Aceite de Oliva Virgen Extra D.O. Sierra de Segura<\/strong><\/p>\n<p>Aceite de Oliva Virgen Extra en formato tradicional en botella de vidrio 500 ml, especial para uso diario.<\/p>\n<p>&nbsp;<\/p>\n","protected":false},"featured_media":5767,"template":"","meta":{"_monsterinsights_skip_tracking":false,"_monsterinsights_sitenote_active":false,"_monsterinsights_sitenote_note":"","_monsterinsights_sitenote_category":0,"site-sidebar-layout":"default","site-content-layout":"default","ast-site-content-layout":"default","site-content-style":"default","site-sidebar-style":"default","ast-global-header-display":"","ast-banner-title-visibility":"","ast-main-header-display":"","ast-hfb-above-header-display":"","ast-hfb-below-header-display":"","ast-hfb-mobile-header-display":"","site-post-title":"","ast-breadcrumbs-content":"","ast-featured-img":"","footer-sml-layout":"","ast-disable-related-posts":"","theme-transparent-header-meta":"default","adv-header-id-meta":"","stick-header-meta":"default","header-above-stick-meta":"","header-main-stick-meta":"","header-below-stick-meta":"","astra-migrate-meta-layouts":"set","ast-page-background-enabled":"default","ast-page-background-meta":{"desktop":{"background-color":"","background-image":"","background-repeat":"repeat","background-position":"center center","background-size":"auto","background-attachment":"scroll","background-type":"","background-media":"","overlay-type":"","overlay-color":"","overlay-opacity":"","overlay-gradient":""},"tablet":{"background-color":"","background-image":"","background-repeat":"repeat","background-position":"center center","background-size":"auto","background-attachment":"scroll","background-type":"","background-media":"","overlay-type":"","overlay-color":"","overlay-opacity":"","overlay-gradient":""},"mobile":{"background-color":"","background-image":"","background-repeat":"repeat","background-position":"center center","background-size":"auto","background-attachment":"scroll","background-type":"","background-media":"","overlay-type":"","overlay-color":"","overlay-opacity":"","overlay-gradient":""}},"ast-content-background-meta":{"desktop":{"background-color":"var(--ast-global-color-5)","background-image":"","background-repeat":"repeat","background-position":"center center","background-size":"auto","background-attachment":"scroll","background-type":"","background-media":"","overlay-type":"","overlay-color":"","overlay-opacity":"","overlay-gradient":""},"tablet":{"background-color":"var(--ast-global-color-5)","background-image":"","background-repeat":"repeat","background-position":"center center","background-size":"auto","background-attachment":"scroll","background-type":"","background-media":"","overlay-type":"","overlay-color":"","overlay-opacity":"","overlay-gradient":""},"mobile":{"background-color":"var(--ast-global-color-5)","background-image":"","background-repeat":"repeat","background-position":"center center","background-size":"auto","background-attachment":"scroll","background-type":"","background-media":"","overlay-type":"","overlay-color":"","overlay-opacity":"","overlay-gradient":""}},"_joinchat":[]},"product_brand":[],"product_cat":[24,57],"product_tag":[],"class_list":{"0":"post-5766","1":"product","2":"type-product","3":"status-publish","4":"has-post-thumbnail","6":"product_cat-picual","7":"product_cat-gama-familiar","8":"product_shipping_class-normal","9":"desktop-align-center","10":"tablet-align-center","11":"mobile-align-center","12":"ast-product-gallery-layout-horizontal","13":"ast-product-tabs-layout-horizontal","14":"ast-qv-on-image","16":"first","17":"instock","18":"taxable","19":"shipping-taxable","20":"purchasable","21":"product-type-simple"},"yoast_head":"<!-- This site is optimized with the Yoast SEO plugin v26.7 - https:\/\/yoast.com\/wordpress\/plugins\/seo\/ -->\n<title>AOVE picual Olivar del Castillo botella vidrio 500ml - Ole\u00edcola del Castillo<\/title>\n<meta name=\"robots\" content=\"noindex, follow\" \/>\n<meta property=\"og:locale\" content=\"en_US\" \/>\n<meta property=\"og:type\" content=\"article\" \/>\n<meta property=\"og:title\" content=\"AOVE picual Olivar del Castillo botella vidrio 500ml - Ole\u00edcola del Castillo\" \/>\n<meta property=\"og:description\" content=\"Aceite de Oliva Virgen Extra D.O. Sierra de Segura  Aceite de Oliva Virgen Extra en formato tradicional en botella de vidrio 500 ml, especial para uso diario.  &nbsp;\" \/>\n<meta property=\"og:url\" content=\"https:\/\/oleicoladelcastillo.com\/en\/buy\/aove-picual-olivar-del-castillo-botella-vidrio-500ml-2\/\" \/>\n<meta property=\"og:site_name\" content=\"Ole\u00edcola del Castillo\" \/>\n<meta property=\"article:modified_time\" content=\"2026-01-13T18:37:13+00:00\" \/>\n<meta property=\"og:image\" content=\"https:\/\/oleicoladelcastillo.com\/wp-content\/uploads\/2025\/12\/botella-vidrio-aceite-olivar-castillo-500ml.webp\" \/>\n\t<meta property=\"og:image:width\" content=\"800\" \/>\n\t<meta property=\"og:image:height\" content=\"800\" \/>\n\t<meta property=\"og:image:type\" content=\"image\/webp\" \/>\n<meta name=\"twitter:card\" content=\"summary_large_image\" \/>\n<meta name=\"twitter:label1\" content=\"Est. reading time\" \/>\n\t<meta name=\"twitter:data1\" content=\"2 minutes\" \/>\n<script type=\"application\/ld+json\" class=\"yoast-schema-graph\">{\"@context\":\"https:\/\/schema.org\",\"@graph\":[{\"@type\":\"WebPage\",\"@id\":\"https:\/\/oleicoladelcastillo.com\/en\/buy\/aove-picual-olivar-del-castillo-botella-vidrio-500ml-2\/\",\"url\":\"https:\/\/oleicoladelcastillo.com\/en\/buy\/aove-picual-olivar-del-castillo-botella-vidrio-500ml-2\/\",\"name\":\"AOVE picual Olivar del Castillo botella vidrio 500ml - Ole\u00edcola del Castillo\",\"isPartOf\":{\"@id\":\"https:\/\/oleicoladelcastillo.com\/en\/#website\"},\"primaryImageOfPage\":{\"@id\":\"https:\/\/oleicoladelcastillo.com\/en\/buy\/aove-picual-olivar-del-castillo-botella-vidrio-500ml-2\/#primaryimage\"},\"image\":{\"@id\":\"https:\/\/oleicoladelcastillo.com\/en\/buy\/aove-picual-olivar-del-castillo-botella-vidrio-500ml-2\/#primaryimage\"},\"thumbnailUrl\":\"https:\/\/oleicoladelcastillo.com\/wp-content\/uploads\/2025\/12\/botella-vidrio-aceite-olivar-castillo-500ml.webp\",\"datePublished\":\"2025-12-17T13:04:47+00:00\",\"dateModified\":\"2026-01-13T18:37:13+00:00\",\"breadcrumb\":{\"@id\":\"https:\/\/oleicoladelcastillo.com\/en\/buy\/aove-picual-olivar-del-castillo-botella-vidrio-500ml-2\/#breadcrumb\"},\"inLanguage\":\"en-US\",\"potentialAction\":[{\"@type\":\"ReadAction\",\"target\":[\"https:\/\/oleicoladelcastillo.com\/en\/buy\/aove-picual-olivar-del-castillo-botella-vidrio-500ml-2\/\"]}]},{\"@type\":\"ImageObject\",\"inLanguage\":\"en-US\",\"@id\":\"https:\/\/oleicoladelcastillo.com\/en\/buy\/aove-picual-olivar-del-castillo-botella-vidrio-500ml-2\/#primaryimage\",\"url\":\"https:\/\/oleicoladelcastillo.com\/wp-content\/uploads\/2025\/12\/botella-vidrio-aceite-olivar-castillo-500ml.webp\",\"contentUrl\":\"https:\/\/oleicoladelcastillo.com\/wp-content\/uploads\/2025\/12\/botella-vidrio-aceite-olivar-castillo-500ml.webp\",\"width\":800,\"height\":800},{\"@type\":\"BreadcrumbList\",\"@id\":\"https:\/\/oleicoladelcastillo.com\/en\/buy\/aove-picual-olivar-del-castillo-botella-vidrio-500ml-2\/#breadcrumb\",\"itemListElement\":[{\"@type\":\"ListItem\",\"position\":1,\"name\":\"Portada\",\"item\":\"https:\/\/oleicoladelcastillo.com\/en\/\"},{\"@type\":\"ListItem\",\"position\":2,\"name\":\"Shop\",\"item\":\"https:\/\/oleicoladelcastillo.com\/en\/shop\/\"},{\"@type\":\"ListItem\",\"position\":3,\"name\":\"AOVE picual Olivar del Castillo botella vidrio 500ml\"}]},{\"@type\":\"WebSite\",\"@id\":\"https:\/\/oleicoladelcastillo.com\/en\/#website\",\"url\":\"https:\/\/oleicoladelcastillo.com\/en\/\",\"name\":\"Ole\u00edcola del Castillo\",\"description\":\"Aceite de oliva virgen extra\",\"publisher\":{\"@id\":\"https:\/\/oleicoladelcastillo.com\/en\/#organization\"},\"potentialAction\":[{\"@type\":\"SearchAction\",\"target\":{\"@type\":\"EntryPoint\",\"urlTemplate\":\"https:\/\/oleicoladelcastillo.com\/en\/?s={search_term_string}\"},\"query-input\":{\"@type\":\"PropertyValueSpecification\",\"valueRequired\":true,\"valueName\":\"search_term_string\"}}],\"inLanguage\":\"en-US\"},{\"@type\":\"Organization\",\"@id\":\"https:\/\/oleicoladelcastillo.com\/en\/#organization\",\"name\":\"Ole\u00edcola del Castillo\",\"url\":\"https:\/\/oleicoladelcastillo.com\/en\/\",\"logo\":{\"@type\":\"ImageObject\",\"inLanguage\":\"en-US\",\"@id\":\"https:\/\/oleicoladelcastillo.com\/en\/#\/schema\/logo\/image\/\",\"url\":\"https:\/\/oleicoladelcastillo.com\/wp-content\/uploads\/2023\/10\/green-sublim-gourmet.png\",\"contentUrl\":\"https:\/\/oleicoladelcastillo.com\/wp-content\/uploads\/2023\/10\/green-sublim-gourmet.png\",\"width\":390,\"height\":138,\"caption\":\"Ole\u00edcola del Castillo\"},\"image\":{\"@id\":\"https:\/\/oleicoladelcastillo.com\/en\/#\/schema\/logo\/image\/\"}}]}<\/script>\n<!-- \/ Yoast SEO plugin. -->","yoast_head_json":{"title":"AOVE picual Olivar del Castillo botella vidrio 500ml - Ole\u00edcola del Castillo","robots":{"index":"noindex","follow":"follow"},"og_locale":"en_US","og_type":"article","og_title":"AOVE picual Olivar del Castillo botella vidrio 500ml - Ole\u00edcola del Castillo","og_description":"Aceite de Oliva Virgen Extra D.O. Sierra de Segura  Aceite de Oliva Virgen Extra en formato tradicional en botella de vidrio 500 ml, especial para uso diario.  &nbsp;","og_url":"https:\/\/oleicoladelcastillo.com\/en\/buy\/aove-picual-olivar-del-castillo-botella-vidrio-500ml-2\/","og_site_name":"Ole\u00edcola del Castillo","article_modified_time":"2026-01-13T18:37:13+00:00","og_image":[{"width":800,"height":800,"url":"https:\/\/oleicoladelcastillo.com\/wp-content\/uploads\/2025\/12\/botella-vidrio-aceite-olivar-castillo-500ml.webp","type":"image\/webp"}],"twitter_card":"summary_large_image","twitter_misc":{"Est. reading time":"2 minutes"},"schema":{"@context":"https:\/\/schema.org","@graph":[{"@type":"WebPage","@id":"https:\/\/oleicoladelcastillo.com\/en\/buy\/aove-picual-olivar-del-castillo-botella-vidrio-500ml-2\/","url":"https:\/\/oleicoladelcastillo.com\/en\/buy\/aove-picual-olivar-del-castillo-botella-vidrio-500ml-2\/","name":"AOVE picual Olivar del Castillo botella vidrio 500ml - Ole\u00edcola del Castillo","isPartOf":{"@id":"https:\/\/oleicoladelcastillo.com\/en\/#website"},"primaryImageOfPage":{"@id":"https:\/\/oleicoladelcastillo.com\/en\/buy\/aove-picual-olivar-del-castillo-botella-vidrio-500ml-2\/#primaryimage"},"image":{"@id":"https:\/\/oleicoladelcastillo.com\/en\/buy\/aove-picual-olivar-del-castillo-botella-vidrio-500ml-2\/#primaryimage"},"thumbnailUrl":"https:\/\/oleicoladelcastillo.com\/wp-content\/uploads\/2025\/12\/botella-vidrio-aceite-olivar-castillo-500ml.webp","datePublished":"2025-12-17T13:04:47+00:00","dateModified":"2026-01-13T18:37:13+00:00","breadcrumb":{"@id":"https:\/\/oleicoladelcastillo.com\/en\/buy\/aove-picual-olivar-del-castillo-botella-vidrio-500ml-2\/#breadcrumb"},"inLanguage":"en-US","potentialAction":[{"@type":"ReadAction","target":["https:\/\/oleicoladelcastillo.com\/en\/buy\/aove-picual-olivar-del-castillo-botella-vidrio-500ml-2\/"]}]},{"@type":"ImageObject","inLanguage":"en-US","@id":"https:\/\/oleicoladelcastillo.com\/en\/buy\/aove-picual-olivar-del-castillo-botella-vidrio-500ml-2\/#primaryimage","url":"https:\/\/oleicoladelcastillo.com\/wp-content\/uploads\/2025\/12\/botella-vidrio-aceite-olivar-castillo-500ml.webp","contentUrl":"https:\/\/oleicoladelcastillo.com\/wp-content\/uploads\/2025\/12\/botella-vidrio-aceite-olivar-castillo-500ml.webp","width":800,"height":800},{"@type":"BreadcrumbList","@id":"https:\/\/oleicoladelcastillo.com\/en\/buy\/aove-picual-olivar-del-castillo-botella-vidrio-500ml-2\/#breadcrumb","itemListElement":[{"@type":"ListItem","position":1,"name":"Portada","item":"https:\/\/oleicoladelcastillo.com\/en\/"},{"@type":"ListItem","position":2,"name":"Shop","item":"https:\/\/oleicoladelcastillo.com\/en\/shop\/"},{"@type":"ListItem","position":3,"name":"AOVE picual Olivar del Castillo botella vidrio 500ml"}]},{"@type":"WebSite","@id":"https:\/\/oleicoladelcastillo.com\/en\/#website","url":"https:\/\/oleicoladelcastillo.com\/en\/","name":"Ole\u00edcola del Castillo","description":"Aceite de oliva virgen extra","publisher":{"@id":"https:\/\/oleicoladelcastillo.com\/en\/#organization"},"potentialAction":[{"@type":"SearchAction","target":{"@type":"EntryPoint","urlTemplate":"https:\/\/oleicoladelcastillo.com\/en\/?s={search_term_string}"},"query-input":{"@type":"PropertyValueSpecification","valueRequired":true,"valueName":"search_term_string"}}],"inLanguage":"en-US"},{"@type":"Organization","@id":"https:\/\/oleicoladelcastillo.com\/en\/#organization","name":"Ole\u00edcola del Castillo","url":"https:\/\/oleicoladelcastillo.com\/en\/","logo":{"@type":"ImageObject","inLanguage":"en-US","@id":"https:\/\/oleicoladelcastillo.com\/en\/#\/schema\/logo\/image\/","url":"https:\/\/oleicoladelcastillo.com\/wp-content\/uploads\/2023\/10\/green-sublim-gourmet.png","contentUrl":"https:\/\/oleicoladelcastillo.com\/wp-content\/uploads\/2023\/10\/green-sublim-gourmet.png","width":390,"height":138,"caption":"Ole\u00edcola del Castillo"},"image":{"@id":"https:\/\/oleicoladelcastillo.com\/en\/#\/schema\/logo\/image\/"}}]}},"_links":{"self":[{"href":"https:\/\/oleicoladelcastillo.com\/en\/wp-json\/wp\/v2\/product\/5766","targetHints":{"allow":["GET"]}}],"collection":[{"href":"https:\/\/oleicoladelcastillo.com\/en\/wp-json\/wp\/v2\/product"}],"about":[{"href":"https:\/\/oleicoladelcastillo.com\/en\/wp-json\/wp\/v2\/types\/product"}],"wp:featuredmedia":[{"embeddable":true,"href":"https:\/\/oleicoladelcastillo.com\/en\/wp-json\/wp\/v2\/media\/5767"}],"wp:attachment":[{"href":"https:\/\/oleicoladelcastillo.com\/en\/wp-json\/wp\/v2\/media?parent=5766"}],"wp:term":[{"taxonomy":"product_brand","embeddable":true,"href":"https:\/\/oleicoladelcastillo.com\/en\/wp-json\/wp\/v2\/product_brand?post=5766"},{"taxonomy":"product_cat","embeddable":true,"href":"https:\/\/oleicoladelcastillo.com\/en\/wp-json\/wp\/v2\/product_cat?post=5766"},{"taxonomy":"product_tag","embeddable":true,"href":"https:\/\/oleicoladelcastillo.com\/en\/wp-json\/wp\/v2\/product_tag?post=5766"}],"curies":[{"name":"wp","href":"https:\/\/api.w.org\/{rel}","templated":true}]}}